{"id":935,"date":"2026-04-20T10:17:36","date_gmt":"2026-04-20T13:17:36","guid":{"rendered":"https:\/\/ministeriosdiaadia.cl\/?page_id=935"},"modified":"2026-04-27T12:12:30","modified_gmt":"2026-04-27T15:12:30","slug":"verso-del-dia","status":"publish","type":"page","link":"https:\/\/ministeriosdiaadia.cl\/index.php\/verso-del-dia\/","title":{"rendered":"VERSO DEL DIA"},"content":{"rendered":"<p>[et_pb_section fb_built=\u00bb1&#8243; fullwidth=\u00bbon\u00bb admin_label=\u00bbHero\u00bb _builder_version=\u00bb4.27.4&#8243; background_image=\u00bbhttps:\/\/ministeriosdiaadia.cl\/wp-content\/uploads\/2026\/01\/church-13.jpg\u00bb parallax=\u00bbon\u00bb global_colors_info=\u00bb{}\u00bb][et_pb_fullwidth_header title=\u00bbCaminando Junto A La Palabra de Dios\u00bb subhead=\u00bb%22L\u00e1mpara es a mis pies tu palabra &#8230;%22&#8243; button_one_text=\u00bbD\u00eda a D\u00eda\u00bb button_one_url=\u00bbhttps:\/\/ministeriosdiaadia.cl\/\u00bb button_two_text=\u00bbPeticiones\u00bb button_two_url=\u00bbhttps:\/\/ministeriosdiaadia.cl\/index.php\/contacto\/#peticiones\u00bb content_max_width=\u00bb700px\u00bb _builder_version=\u00bb4.27.4&#8243; title_font=\u00bb||||||||\u00bb title_font_size=\u00bb70px\u00bb title_line_height=\u00bb1.5em\u00bb content_font=\u00bb||||||||\u00bb content_font_size=\u00bb20px\u00bb content_line_height=\u00bb1.8em\u00bb subhead_font=\u00bbLato|700|||||||\u00bb subhead_font_size=\u00bb30px\u00bb subhead_line_height=\u00bb1.8em\u00bb background_color=\u00bbrgba(0,0,0,0)\u00bb use_background_color_gradient=\u00bbon\u00bb background_color_gradient_direction=\u00bb220deg\u00bb background_color_gradient_stops=\u00bb#3e601f 35%|#7cda24 100%\u00bb background_color_gradient_overlays_image=\u00bbon\u00bb background_color_gradient_start=\u00bbrgba(53,80,160,0.27)\u00bb background_color_gradient_end=\u00bb#3550a0&#8243; custom_button_one=\u00bbon\u00bb button_one_text_size=\u00bb16px\u00bb button_one_text_color=\u00bb#3550a0&#8243; button_one_bg_color=\u00bb#ffffff\u00bb button_one_border_width=\u00bb10px\u00bb button_one_border_color=\u00bbrgba(210,159,104,0)\u00bb button_one_border_radius=\u00bb100px\u00bb button_one_font=\u00bbLato|900|||||||\u00bb button_one_use_icon=\u00bboff\u00bb custom_button_two=\u00bbon\u00bb button_two_text_size=\u00bb16px\u00bb button_two_text_color=\u00bb#ffffff\u00bb button_two_bg_color=\u00bbrgba(255,255,255,0.15)\u00bb button_two_border_width=\u00bb10px\u00bb button_two_border_color=\u00bbrgba(210,159,104,0)\u00bb button_two_border_radius=\u00bb100px\u00bb button_two_font=\u00bbLato|900|||||||\u00bb button_two_use_icon=\u00bboff\u00bb custom_margin=\u00bb|||\u00bb custom_padding=\u00bb10vw||10vw||false\u00bb custom_padding_tablet=\u00bb20vw||20vw||true\u00bb custom_padding_phone=\u00bb20vw||20vw||true\u00bb custom_padding_last_edited=\u00bbon|desktop\u00bb title_font_size_tablet=\u00bb50px\u00bb title_font_size_phone=\u00bb32px\u00bb title_font_size_last_edited=\u00bbon|tablet\u00bb button_one_text_color_hover=\u00bb#3550a0&#8243; button_two_text_color_hover=\u00bb#ffffff\u00bb button_one_bg_color_hover=\u00bbrgba(255,255,255,0.8)\u00bb button_two_bg_color_hover=\u00bbrgba(255,255,255,0.3)\u00bb global_colors_info=\u00bb{}\u00bb button_one_text_size__hover_enabled=\u00bboff\u00bb button_two_text_size__hover_enabled=\u00bboff\u00bb button_one_text_color__hover_enabled=\u00bbon\u00bb button_one_text_color__hover=\u00bb#3550a0&#8243; button_two_text_color__hover_enabled=\u00bbon\u00bb button_two_text_color__hover=\u00bb#ffffff\u00bb button_one_border_width__hover_enabled=\u00bboff\u00bb button_two_border_width__hover_enabled=\u00bboff\u00bb button_one_border_color__hover_enabled=\u00bboff\u00bb button_two_border_color__hover_enabled=\u00bboff\u00bb button_one_border_radius__hover_enabled=\u00bboff\u00bb button_two_border_radius__hover_enabled=\u00bboff\u00bb button_one_letter_spacing__hover_enabled=\u00bboff\u00bb button_two_letter_spacing__hover_enabled=\u00bboff\u00bb button_one_bg_color__hover_enabled=\u00bbon\u00bb button_one_bg_color__hover=\u00bbrgba(255,255,255,0.8)\u00bb button_two_bg_color__hover_enabled=\u00bbon\u00bb button_two_bg_color__hover=\u00bbrgba(255,255,255,0.3)\u00bb][\/et_pb_fullwidth_header][\/et_pb_section][et_pb_section fb_built=\u00bb1&#8243; disabled_on=\u00bboff|off|off\u00bb admin_label=\u00bbCall to Action\u00bb _builder_version=\u00bb4.16&#8243; global_colors_info=\u00bb{}\u00bb][et_pb_row _builder_version=\u00bb4.16&#8243; global_colors_info=\u00bb{}\u00bb][et_pb_column type=\u00bb4_4&#8243; _builder_version=\u00bb4.16&#8243; custom_padding=\u00bb|||\u00bb global_colors_info=\u00bb{}\u00bb custom_padding__hover=\u00bb|||\u00bb][et_pb_cta title=\u00bbEscr\u00edbenos y comenta cu\u00e1l ha sido tu experiencia con el VERSO DEL D\u00cdA y cu\u00e1l ha sido el impacto en tu vida, y lo publicaremos.\u00bb button_url=\u00bbhttps:\/\/ministeriosdiaadia.cl\/index.php\/contacto\/\u00bb url_new_window=\u00bbon\u00bb button_text=\u00bbEscr\u00edbenos ac\u00e1\u00bb _builder_version=\u00bb4.27.4&#8243; header_font=\u00bb||||||||\u00bb header_font_size=\u00bb40px\u00bb header_line_height=\u00bb1.5em\u00bb body_font=\u00bb||||||||\u00bb use_background_color=\u00bboff\u00bb custom_button=\u00bbon\u00bb button_text_size=\u00bb16px\u00bb button_text_color=\u00bb#ffffff\u00bb button_bg_color=\u00bb#5B8500&#8243; button_border_width=\u00bb10px\u00bb button_border_color=\u00bbrgba(210,159,104,0)\u00bb button_border_radius=\u00bb100px\u00bb button_font=\u00bbLato|900|||||||\u00bb button_use_icon=\u00bboff\u00bb text_orientation=\u00bbleft\u00bb background_layout=\u00bblight\u00bb max_width=\u00bb800px\u00bb max_width_last_edited=\u00bboff|desktop\u00bb custom_margin=\u00bb|||\u00bb custom_padding=\u00bb|||\u00bb header_font_size_tablet=\u00bb30px\u00bb header_font_size_phone=\u00bb24px\u00bb header_font_size_last_edited=\u00bbon|tablet\u00bb button_bg_color_hover=\u00bb#4159a0&#8243; global_colors_info=\u00bb{}\u00bb button_text_size__hover_enabled=\u00bboff\u00bb button_one_text_size__hover_enabled=\u00bboff\u00bb button_two_text_size__hover_enabled=\u00bboff\u00bb button_text_color__hover_enabled=\u00bboff\u00bb button_one_text_color__hover_enabled=\u00bboff\u00bb button_two_text_color__hover_enabled=\u00bboff\u00bb button_border_width__hover_enabled=\u00bboff\u00bb button_one_border_width__hover_enabled=\u00bboff\u00bb button_two_border_width__hover_enabled=\u00bboff\u00bb button_border_color__hover_enabled=\u00bboff\u00bb button_one_border_color__hover_enabled=\u00bboff\u00bb button_two_border_color__hover_enabled=\u00bboff\u00bb button_border_radius__hover_enabled=\u00bboff\u00bb button_one_border_radius__hover_enabled=\u00bboff\u00bb button_two_border_radius__hover_enabled=\u00bboff\u00bb button_letter_spacing__hover_enabled=\u00bboff\u00bb button_one_letter_spacing__hover_enabled=\u00bboff\u00bb button_two_letter_spacing__hover_enabled=\u00bboff\u00bb button_bg_color__hover_enabled=\u00bbon\u00bb button_bg_color__hover=\u00bb#4159a0&#8243; button_one_bg_color__hover_enabled=\u00bboff\u00bb button_two_bg_color__hover_enabled=\u00bboff\u00bb][\/et_pb_cta][\/et_pb_column][\/et_pb_row][\/et_pb_section][et_pb_section fb_built=\u00bb1&#8243; _builder_version=\u00bb4.27.4&#8243; _module_preset=\u00bbdefault\u00bb global_colors_info=\u00bb{}\u00bb][et_pb_row _builder_version=\u00bb4.27.4&#8243; _module_preset=\u00bbdefault\u00bb global_colors_info=\u00bb{}\u00bb][et_pb_column type=\u00bb4_4&#8243; _builder_version=\u00bb4.27.4&#8243; _module_preset=\u00bbdefault\u00bb global_colors_info=\u00bb{}\u00bb][et_pb_image src=\u00bbhttps:\/\/ministeriosdiaadia.cl\/wp-content\/uploads\/2026\/04\/27abril-scaled.jpg\u00bb alt=\u00bbministerio dia a dia\u00bb title_text=\u00bb27abril\u00bb _builder_version=\u00bb4.27.4&#8243; _module_preset=\u00bbdefault\u00bb global_colors_info=\u00bb{}\u00bb][\/et_pb_image][\/et_pb_column][\/et_pb_row][et_pb_row _builder_version=\u00bb4.27.4&#8243; _module_preset=\u00bbdefault\u00bb custom_padding=\u00bb|||4px||\u00bb global_colors_info=\u00bb{}\u00bb][et_pb_column type=\u00bb4_4&#8243; _builder_version=\u00bb4.27.4&#8243; _module_preset=\u00bbdefault\u00bb global_colors_info=\u00bb{}\u00bb][et_pb_text _builder_version=\u00bb4.27.4&#8243; _module_preset=\u00bbdefault\u00bb text_font_size=\u00bb17px\u00bb text_line_height=\u00bb2em\u00bb hover_enabled=\u00bb0&#8243; global_colors_info=\u00bb{}\u00bb sticky_enabled=\u00bb0&#8243;]<\/p>\n<p><span>\ud83d\udcd6 Una vida enfocada en lo eterno: Meditaci\u00f3n en Colosenses 3:1<\/span><\/p>\n<p><span>EL PELIGRO DEL LEGALISMO Y LA FALSA ESPIRITUALIDAD<\/span><\/p>\n<p><span>Para comprender este conocido texto del ap\u00f3stol Pablo, primero debemos revisar su contexto. En el cap\u00edtulo anterior, el ap\u00f3stol concluye advirtiendo sobre el peligro de llevar una vida religiosa superficial y sin validez espiritual. <\/span><\/p>\n<p><span>Muchos cre\u00edan que el sometimiento a estrictas normas humanas y prohibiciones los har\u00eda m\u00e1s espirituales, us\u00e1ndolas como una falsa credencial de santidad personal (Colosenses 2:20-23).<\/span><\/p>\n<p><span>Pablo les recuerda de forma tajante que los deseos desordenados de la carne, a\u00fan presentes en el creyente, jam\u00e1s podr\u00e1n ser controlados mediante el esfuerzo puramente humano ni por listas de prohibiciones que Dios no ha ordenado. Por lo tanto, para entender Colosenses 3:1 sin caer en un romanticismo superficial, debemos comprender que Pablo est\u00e1 hablando de la necesidad de vivir la vida de Cristo en nosotros. <\/span><\/p>\n<p><span>Solo a trav\u00e9s de Su poder podemos mantener la carne bajo el verdadero control del Esp\u00edritu.<\/span><\/p>\n<p><span>EL SECRETO DE LA VIDA VICTORIOSA<\/span><\/p>\n<p><span>El principio por el cual todo verdadero creyente puede vivir una vida que glorifique a Dios no es un misterio oculto ni una complicada f\u00f3rmula m\u00edstica. Pablo lo expone con total claridad:<\/span><br \/><span>\u00abSi ustedes, pues, han resucitado con Cristo, busquen las cosas de arriba, donde est\u00e1 Cristo sentado a la diestra de Dios\u00bb.<\/span><\/p>\n<p><span>\u00bfCu\u00e1l es, entonces, la clave para vivir como agrada al Se\u00f1or y vencer el pecado? Buscar las cosas de arriba.<\/span><\/p>\n<p><span>\u00bfY a qu\u00e9 se refiere exactamente esta frase? La respuesta la da el mismo texto a continuaci\u00f3n: Donde est\u00e1 Cristo.<\/span><\/p>\n<p><span>En t\u00e9rminos de teolog\u00eda pr\u00e1ctica y reformada, buscar las cosas de arriba significa cultivar una comuni\u00f3n vital y permanente con nuestro Salvador. Significa vivir cada d\u00eda, cada respirar, cada intenci\u00f3n y cada decisi\u00f3n en completa dependencia de \u00c9l. La verdadera vida cristiana consiste en \u00abrespirar a Cristo mismo\u00bb.<\/span><\/p>\n<p><span>Esto no ocurre de manera autom\u00e1tica; lo ejercitamos intencionalmente mediante los medios de gracia:<\/span><\/p>\n<p><span>\ud83d\uded0 La oraci\u00f3n persistente: como el aire de nuestra alma.<\/span><br \/><span>\ud83d\udcdc La meditaci\u00f3n de la Palabra: para renovar nuestro entendimiento.<\/span><br \/><span>\ud83d\ude47\u200d\u2642\ufe0f La rendici\u00f3n del coraz\u00f3n: reconociendo Su majestad con humildad.<\/span><\/p>\n<p><span>CRISTO EN EL TRONO: Nuestra garant\u00eda de poder<\/span><\/p>\n<p><span>La \u00faltima frase de este verso revela la autoridad suprema que act\u00faa sobre cualquier otra potestad: \u00abCristo est\u00e1 sentado a la diestra de Dios\u00bb. Esto nos recuerda una verdad fundamental de nuestra fe: yo no gobierno, \u00c9l gobierna. \u00c9l es el soberano Se\u00f1or de se\u00f1ores y Rey de reyes.<\/span><\/p>\n<p><span>Nuestra victoria en las luchas personales contra el pecado no proviene de nuestras fuerzas ni de nuestra fuerza de voluntad, sino de la obra mon\u00e9rgica y sustentadora de Cristo en nosotros. Aquel cuyo poder sostiene el universo entero, es el mismo que ha prometido sostener tu vida cuando sientas que ya no puedes m\u00e1s.<\/span><\/p>\n<p><span>Nuestra fuerza no proviene de nuestro interior (de una supuesta bondad o capacidad humana), sino que viene de afuera (extra nos): de la gracia inagotable del trono de Dios, derramada en abundantes riquezas por medio de nuestro amado Se\u00f1or.<\/span><\/p>\n<p><span>No temas, \u00c9l gobierna de manera soberana. Lev\u00e1ntate y pelea la buena batalla mediante el poder de Cristo en ti. \u00a1S\u00e9 valiente y esfu\u00e9rzate!<\/span><\/p>\n<p><span>Preguntas para la meditaci\u00f3n pr\u00e1ctica:<\/span><\/p>\n<p><span>\u00bfDe qu\u00e9 maneras concretas y cotidianas puedes comenzar hoy a buscar las cosas de arriba?<\/span><\/p>\n<p><span>\u00bfQu\u00e9 cosas terrenales est\u00e1s buscando a diario que compiten con tu devoci\u00f3n? \u00bfDe qu\u00e9 manera est\u00e1n afectando tu gozo espiritual o tu deseo de pasar tiempo a solas con el Se\u00f1or?<\/span><\/p>\n<p><span>\u2014Pr. Carlos<\/span><\/p>\n<p>[\/et_pb_text][\/et_pb_column][\/et_pb_row][\/et_pb_section]<\/p>\n","protected":false},"excerpt":{"rendered":"<p>\ud83d\udcd6 Una vida enfocada en lo eterno: Meditaci\u00f3n en Colosenses 3:1 EL PELIGRO DEL LEGALISMO Y LA FALSA ESPIRITUALIDAD Para comprender este conocido texto del ap\u00f3stol Pablo, primero debemos revisar su contexto. En el cap\u00edtulo anterior, el ap\u00f3stol concluye advirtiendo sobre el peligro de llevar una vida religiosa superficial y sin validez espiritual. Muchos cre\u00edan [&hellip;]<\/p>\n","protected":false},"author":1,"featured_media":0,"parent":0,"menu_order":0,"comment_status":"closed","ping_status":"closed","template":"","meta":{"_et_pb_use_builder":"on","_et_pb_old_content":"","_et_gb_content_width":"","footnotes":""},"class_list":["post-935","page","type-page","status-publish","hentry"],"_links":{"self":[{"href":"https:\/\/ministeriosdiaadia.cl\/index.php\/wp-json\/wp\/v2\/pages\/935","targetHints":{"allow":["GET"]}}],"collection":[{"href":"https:\/\/ministeriosdiaadia.cl\/index.php\/wp-json\/wp\/v2\/pages"}],"about":[{"href":"https:\/\/ministeriosdiaadia.cl\/index.php\/wp-json\/wp\/v2\/types\/page"}],"author":[{"embeddable":true,"href":"https:\/\/ministeriosdiaadia.cl\/index.php\/wp-json\/wp\/v2\/users\/1"}],"replies":[{"embeddable":true,"href":"https:\/\/ministeriosdiaadia.cl\/index.php\/wp-json\/wp\/v2\/comments?post=935"}],"version-history":[{"count":15,"href":"https:\/\/ministeriosdiaadia.cl\/index.php\/wp-json\/wp\/v2\/pages\/935\/revisions"}],"predecessor-version":[{"id":983,"href":"https:\/\/ministeriosdiaadia.cl\/index.php\/wp-json\/wp\/v2\/pages\/935\/revisions\/983"}],"wp:attachment":[{"href":"https:\/\/ministeriosdiaadia.cl\/index.php\/wp-json\/wp\/v2\/media?parent=935"}],"curies":[{"name":"wp","href":"https:\/\/api.w.org\/{rel}","templated":true}]}}